{"id":563,"date":"2020-02-09T16:33:14","date_gmt":"2020-02-09T14:33:14","guid":{"rendered":"http:\/\/nobettepe.com\/?page_id=563"},"modified":"2020-02-26T10:38:45","modified_gmt":"2020-02-26T08:38:45","slug":"contact","status":"publish","type":"page","link":"https:\/\/nobettepe.com\/bg\/contact\/","title":{"rendered":"\u0417\u0410 \u041a\u041e\u041d\u0422\u0410\u041a\u0422\u0418"},"content":{"rendered":"\n<div class=\"wpcf7 no-js\" id=\"wpcf7-f549-o1\" lang=\"en-US\" dir=\"ltr\">\n<div class=\"screen-reader-response\"><p role=\"status\" aria-live=\"polite\" aria-atomic=\"true\"><\/p> <ul><\/ul><\/div>\n<form action=\"\/bg\/wp-json\/wp\/v2\/pages\/563#wpcf7-f549-o1\" method=\"post\" class=\"wpcf7-form init\" aria-label=\"Contact form\" novalidate=\"novalidate\" data-status=\"init\">\n<div style=\"display: none;\">\n<input type=\"hidden\" name=\"_wpcf7\" value=\"549\" \/>\n<input type=\"hidden\" name=\"_wpcf7_version\" value=\"5.8.1\" \/>\n<input type=\"hidden\" name=\"_wpcf7_locale\" value=\"en_US\" \/>\n<input type=\"hidden\" name=\"_wpcf7_unit_tag\" value=\"wpcf7-f549-o1\" \/>\n<input type=\"hidden\" name=\"_wpcf7_container_post\" value=\"0\" \/>\n<input type=\"hidden\" name=\"_wpcf7_posted_data_hash\" value=\"\" \/>\n<input type=\"hidden\" name=\"_wpcf7_recaptcha_response\" value=\"\" \/>\n<\/div>\n<div class=\"clearfix\">\n\t<div id=\"left\">\n\t\t<p><label> \u0418\u043c\u0435 :* <span class=\"wpcf7-form-control-wrap\" data-name=\"your-name\"><input size=\"40\" class=\"wpcf7-form-control wpcf7-text wpcf7-validates-as-required\" aria-required=\"true\" aria-invalid=\"false\" value=\"\" type=\"text\" name=\"your-name\" \/><\/span> <\/label><br \/>\n<label> \u0424\u0430\u043c\u0438\u043b\u0438\u044f:* <span class=\"wpcf7-form-control-wrap\" data-name=\"your-surname\"><input size=\"40\" class=\"wpcf7-form-control wpcf7-text wpcf7-validates-as-required\" aria-required=\"true\" aria-invalid=\"false\" value=\"\" type=\"text\" name=\"your-surname\" \/><\/span> <\/label>\n\t\t<\/p>\n\t<\/div>\n\t<div id=\"right\">\n\t\t<p><label> \u0418\u043c\u0435\u0439\u043b :* <span class=\"wpcf7-form-control-wrap\" data-name=\"your-email\"><input size=\"40\" class=\"wpcf7-form-control wpcf7-email wpcf7-validates-as-required wpcf7-text wpcf7-validates-as-email\" aria-required=\"true\" aria-invalid=\"false\" value=\"\" type=\"email\" name=\"your-email\" \/><\/span> <\/label><br \/>\n<label> \u0422\u0435\u043b\u0435\u0444\u043e\u043d:* <span class=\"wpcf7-form-control-wrap\" data-name=\"your-tel\"><input size=\"40\" class=\"wpcf7-form-control wpcf7-tel wpcf7-validates-as-required wpcf7-text wpcf7-validates-as-tel\" aria-required=\"true\" aria-invalid=\"false\" value=\"\" type=\"tel\" name=\"your-tel\" \/><\/span> <\/label>\n\t\t<\/p>\n\t<\/div>\n<\/div>\n<p><label> \u0422\u0435\u043c\u0430: <span class=\"wpcf7-form-control-wrap\" data-name=\"your-subject\"><input size=\"40\" class=\"wpcf7-form-control wpcf7-text\" aria-invalid=\"false\" value=\"\" type=\"text\" name=\"your-subject\" \/><\/span> <\/label><br \/>\n<label> \u0421\u044a\u043e\u0431\u0449\u0435\u043d\u0438\u0435:* <span class=\"wpcf7-form-control-wrap\" data-name=\"your-message\"><textarea cols=\"40\" rows=\"10\" class=\"wpcf7-form-control wpcf7-textarea wpcf7-validates-as-required\" aria-required=\"true\" aria-invalid=\"false\" name=\"your-message\"><\/textarea><\/span> <\/label>\n<\/p>\n<p><input class=\"wpcf7-form-control wpcf7-submit has-spinner\" type=\"submit\" value=\"\u0418\u0437\u043f\u0440\u0430\u0442\u0438\" \/>\n<\/p><div class=\"wpcf7-response-output\" aria-hidden=\"true\"><\/div>\n<\/form>\n<\/div>\n\n","protected":false},"excerpt":{"rendered":"","protected":false},"author":1,"featured_media":0,"parent":0,"menu_order":0,"comment_status":"closed","ping_status":"closed","template":"","meta":{"footnotes":"","_locale":"bg_BG","_original_post":"http:\/\/nobettepe.com\/?page_id=556"},"yoast_head":"<!-- This site is optimized with the Yoast SEO plugin v21.3 - https:\/\/yoast.com\/wordpress\/plugins\/seo\/ -->\n<title>\u0417\u0410 \u041a\u041e\u041d\u0422\u0410\u041a\u0422\u0418 - N\u00f6bettepe<\/title>\n<meta name=\"robots\" content=\"index, follow, max-snippet:-1, max-image-preview:large, max-video-preview:-1\" \/>\n<link rel=\"canonical\" href=\"https:\/\/nobettepe.com\/bg\/contact\/\" \/>\n<meta property=\"og:locale\" content=\"bg_BG\" \/>\n<meta property=\"og:type\" content=\"article\" \/>\n<meta property=\"og:title\" content=\"\u0417\u0410 \u041a\u041e\u041d\u0422\u0410\u041a\u0422\u0418 - N\u00f6bettepe\" \/>\n<meta property=\"og:url\" content=\"https:\/\/nobettepe.com\/bg\/contact\/\" \/>\n<meta property=\"og:site_name\" content=\"N\u00f6bettepe\" \/>\n<meta property=\"article:modified_time\" content=\"2020-02-26T08:38:45+00:00\" \/>\n<meta name=\"twitter:card\" content=\"summary_large_image\" \/>\n<script type=\"application\/ld+json\" class=\"yoast-schema-graph\">{\"@context\":\"https:\/\/schema.org\",\"@graph\":[{\"@type\":\"WebPage\",\"@id\":\"https:\/\/nobettepe.com\/bg\/contact\/\",\"url\":\"https:\/\/nobettepe.com\/bg\/contact\/\",\"name\":\"\u0417\u0410 \u041a\u041e\u041d\u0422\u0410\u041a\u0422\u0418 - N\u00f6bettepe\",\"isPartOf\":{\"@id\":\"https:\/\/nobettepe.com\/#website\"},\"datePublished\":\"2020-02-09T14:33:14+00:00\",\"dateModified\":\"2020-02-26T08:38:45+00:00\",\"breadcrumb\":{\"@id\":\"https:\/\/nobettepe.com\/bg\/contact\/#breadcrumb\"},\"inLanguage\":\"bg-BG\",\"potentialAction\":[{\"@type\":\"ReadAction\",\"target\":[\"https:\/\/nobettepe.com\/bg\/contact\/\"]}]},{\"@type\":\"BreadcrumbList\",\"@id\":\"https:\/\/nobettepe.com\/bg\/contact\/#breadcrumb\",\"itemListElement\":[{\"@type\":\"ListItem\",\"position\":1,\"name\":\"\u041d\u0430\u0447\u0430\u043b\u043e\",\"item\":\"https:\/\/nobettepe.com\/\"},{\"@type\":\"ListItem\",\"position\":2,\"name\":\"\u0417\u0410 \u041a\u041e\u041d\u0422\u0410\u041a\u0422\u0418\"}]},{\"@type\":\"WebSite\",\"@id\":\"https:\/\/nobettepe.com\/#website\",\"url\":\"https:\/\/nobettepe.com\/\",\"name\":\"N\u00f6bettepe\",\"description\":\"\u00dc\u00e7 ayl\u0131k edebiyat, k\u00fclt\u00fcr ve sanat dergisi\",\"potentialAction\":[{\"@type\":\"SearchAction\",\"target\":{\"@type\":\"EntryPoint\",\"urlTemplate\":\"https:\/\/nobettepe.com\/?s={search_term_string}\"},\"query-input\":\"required name=search_term_string\"}],\"inLanguage\":\"bg-BG\"}]}<\/script>\n<!-- \/ Yoast SEO plugin. -->","yoast_head_json":{"title":"\u0417\u0410 \u041a\u041e\u041d\u0422\u0410\u041a\u0422\u0418 - N\u00f6bettepe","robots":{"index":"index","follow":"follow","max-snippet":"max-snippet:-1","max-image-preview":"max-image-preview:large","max-video-preview":"max-video-preview:-1"},"canonical":"https:\/\/nobettepe.com\/bg\/contact\/","og_locale":"bg_BG","og_type":"article","og_title":"\u0417\u0410 \u041a\u041e\u041d\u0422\u0410\u041a\u0422\u0418 - N\u00f6bettepe","og_url":"https:\/\/nobettepe.com\/bg\/contact\/","og_site_name":"N\u00f6bettepe","article_modified_time":"2020-02-26T08:38:45+00:00","twitter_card":"summary_large_image","schema":{"@context":"https:\/\/schema.org","@graph":[{"@type":"WebPage","@id":"https:\/\/nobettepe.com\/bg\/contact\/","url":"https:\/\/nobettepe.com\/bg\/contact\/","name":"\u0417\u0410 \u041a\u041e\u041d\u0422\u0410\u041a\u0422\u0418 - N\u00f6bettepe","isPartOf":{"@id":"https:\/\/nobettepe.com\/#website"},"datePublished":"2020-02-09T14:33:14+00:00","dateModified":"2020-02-26T08:38:45+00:00","breadcrumb":{"@id":"https:\/\/nobettepe.com\/bg\/contact\/#breadcrumb"},"inLanguage":"bg-BG","potentialAction":[{"@type":"ReadAction","target":["https:\/\/nobettepe.com\/bg\/contact\/"]}]},{"@type":"BreadcrumbList","@id":"https:\/\/nobettepe.com\/bg\/contact\/#breadcrumb","itemListElement":[{"@type":"ListItem","position":1,"name":"\u041d\u0430\u0447\u0430\u043b\u043e","item":"https:\/\/nobettepe.com\/"},{"@type":"ListItem","position":2,"name":"\u0417\u0410 \u041a\u041e\u041d\u0422\u0410\u041a\u0422\u0418"}]},{"@type":"WebSite","@id":"https:\/\/nobettepe.com\/#website","url":"https:\/\/nobettepe.com\/","name":"N\u00f6bettepe","description":"\u00dc\u00e7 ayl\u0131k edebiyat, k\u00fclt\u00fcr ve sanat dergisi","potentialAction":[{"@type":"SearchAction","target":{"@type":"EntryPoint","urlTemplate":"https:\/\/nobettepe.com\/?s={search_term_string}"},"query-input":"required name=search_term_string"}],"inLanguage":"bg-BG"}]}},"_links":{"self":[{"href":"https:\/\/nobettepe.com\/wp-json\/wp\/v2\/pages\/563"}],"collection":[{"href":"https:\/\/nobettepe.com\/wp-json\/wp\/v2\/pages"}],"about":[{"href":"https:\/\/nobettepe.com\/wp-json\/wp\/v2\/types\/page"}],"author":[{"embeddable":true,"href":"https:\/\/nobettepe.com\/wp-json\/wp\/v2\/users\/1"}],"replies":[{"embeddable":true,"href":"https:\/\/nobettepe.com\/wp-json\/wp\/v2\/comments?post=563"}],"version-history":[{"count":3,"href":"https:\/\/nobettepe.com\/wp-json\/wp\/v2\/pages\/563\/revisions"}],"predecessor-version":[{"id":571,"href":"https:\/\/nobettepe.com\/wp-json\/wp\/v2\/pages\/563\/revisions\/571"}],"wp:attachment":[{"href":"https:\/\/nobettepe.com\/wp-json\/wp\/v2\/media?parent=563"}],"curies":[{"name":"wp","href":"https:\/\/api.w.org\/{rel}","templated":true}]}}